{"id":32,"date":"2016-05-09T19:30:48","date_gmt":"2016-05-09T16:30:48","guid":{"rendered":"http:\/\/www.orturevleri.com\/tr\/?page_id=32"},"modified":"2016-05-09T19:32:15","modified_gmt":"2016-05-09T16:32:15","slug":"oren-hakkinda-bilgiler","status":"publish","type":"page","link":"https:\/\/www.orturevleri.com\/tr\/oren-hakkinda-bilgiler\/","title":{"rendered":"\u00d6ren Hakk\u0131nda Bilgiler"},"content":{"rendered":"<p style=\"text-align: justify;\"><span style=\"color: #000000;\">\u00d6ren, Bal\u0131kesir ilinin Burhaniye il\u00e7esine ba\u011fl\u0131 bir tatil beldesidir. \u00d6ren, Ayval\u0131k ile Edremit aras\u0131nda Ege&#8217;de bir cennet. \u00d6ren&#8217;in ince kumlar\u0131nda antik \u00e7a\u011fda Lidya k\u0131zlar\u0131 g\u00fcne\u015flenmi\u015f, Romal\u0131 g\u00fczeller denize girmi\u015flerdir.<\/span><\/p>\n<p style=\"text-align: justify;\"><span style=\"color: #000000;\">\u00d6ren, ince kumlu sahili, oksijen deposu Kazda\u011flar\u0131&#8217;ndan gelen havas\u0131, mavi bayrakl\u0131 plajlar\u0131, sahile kadar uzanan \u00e7am ormanlar\u0131 ile tatilcilerin g\u00f6zdesidir. \u00c7am a\u011fa\u00e7lar\u0131 \u00d6ren&#8217;in hemen hemen t\u00fcm sokaklar\u0131n\u0131 kaplam\u0131\u015ft\u0131r. Bu y\u00fczden yaz aylar\u0131nda serin serin \u00d6ren sokaklar\u0131nda dola\u015fabilirsiniz. \u00d6ren neredeyse ba\u011fl\u0131 oldu\u011fu il\u00e7eden daha b\u00fcy\u00fck. Hem yurt i\u00e7inden hem de yurt d\u0131\u015f\u0131ndan, \u00f6zellikler Almanya&#8217;dan ilgi g\u00f6ren \u00d6ren&#8217;de yazl\u0131k ev say\u0131s\u0131 da artm\u0131\u015ft\u0131r. Tabi bunda \u00d6ren&#8217;in pek benzeri olmayan do\u011fal g\u00fczellikleri \u00e7ok etkilidir. Yaz aylar\u0131nda nem oran\u0131 d\u00fc\u015f\u00fck oldu\u011fu i\u00e7in \u00d6ren&#8217;de solunum hastal\u0131klar\u0131 olanlarda rahat\u00e7a tatil yapabilirler.<\/span><br \/>\n<span style=\"color: #000000;\">\u00d6ren, 2005 y\u0131l\u0131nda 4 mavi bayrak alm\u0131\u015ft\u0131r. \u00d6ren temiz deniz suyu, \u00e7evre bilincine duyarl\u0131, bilin\u00e7li \u00e7evre unusurlar\u0131 g\u00f6z \u00f6n\u00fcnde bulundurularak alm\u0131\u015ft\u0131r mavi bayraklar\u0131n\u0131. \u00d6ren&#8217;in denizi berrak masmavi, yosun yahut benzeri hi\u00e7 bir \u015fey yok denizin i\u00e7inde. \u00d6ren&#8217;de denize girdi\u011finizde biraz so\u011fuk gelebilir, fakat al\u0131\u015ft\u0131ktan sonra yaz\u0131n o s\u0131ca\u011f\u0131nda i\u00e7inden \u00e7\u0131kmak istemezsiniz. \u0130lk bir ka\u00e7 metre \u00e7ak\u0131ll\u0131 olsada daha sonras\u0131 kumdur. \u00d6ren sahili belediye denetimindedir. Her zaman \u00d6ren plaj\u0131 temizlenir. Plajda bulunan du\u015flar, soyunma kabinleri yine \u00d6ren&#8217;de belediyesinin hizmetleri i\u00e7indedir.<\/span><\/p>\n<p style=\"text-align: justify;\"><span style=\"color: #000000;\">\u00d6ren&#8217;de t\u00fcm g\u00fcn boyunca g\u00fcne\u015fin, denizin ve kumun tad\u0131n\u0131 \u00e7\u0131kard\u0131ktan sonra, sahilde g\u00fcne\u015fin bat\u0131\u015f\u0131n\u0131 izlemek ayr\u0131 bir keyif. Art\u0131k \u00d6ren&#8217;de denizden \u0131l\u0131k \u0131l\u0131k r\u00fczgar esmeye ba\u015flam\u0131\u015ft\u0131r.\u00d6ren&#8217;de ak\u015fam ister sahilde s\u0131ralanm\u0131\u015f cafelerde \u00d6ren sahiline kar\u015f\u0131 \u00e7ay\u0131n\u0131z\u0131 yudumlay\u0131n, ister cadde boyunca y\u00fcr\u00fcy\u00fc\u015f yap\u0131n, sevdiklerinize \u00d6ren hat\u0131ras\u0131 sat\u0131n al\u0131n, isterseniz yine \u00d6ren&#8217;de gece hayat\u0131n\u0131n sabaha kadar devam etti\u011fi disco ya da barlar\u0131nda e\u011flenin.<\/span><\/p>\n<p style=\"text-align: justify;\"><span style=\"color: #000000;\">\u00d6ren, i\u00e7inde bulundu\u011fu Edremit k\u00f6rfezinde yeti\u015ftirilen zeytin ve zeytin \u00fcr\u00fcnlerini sat\u0131n alabilece\u011finiz bir yer. \u00d6ren&#8217;den evinize d\u00f6nmeden tabiat\u0131n mucizesi zeytinya\u011f\u0131ndan kesinlikle almal\u0131s\u0131n\u0131z. Yine \u00d6ren&#8217;de, Burhaniye&#8217;de kurulan halk pazar\u0131ndan b\u00f6lgede yeti\u015ftirilen ve de \u00fcretilen, s\u00fct \u00fcr\u00fcnleri, baharat, \u00e7e\u015fitli \u015fifal\u0131 otlar\u0131 bulabilirsiniz.<\/span><\/p>\n<p style=\"text-align: justify;\"><span style=\"color: #000000;\">\u00d6ren, misafirlerini konuk etmek i\u00e7in bir alternatife sahip. \u00d6ren&#8217;de kamp yapabilirsiniz, yazl\u0131k ev kiralayabilirsiniz, k\u00fc\u00e7\u00fck pansiyonlarda kalabilirsiniz, b\u00fcy\u00fck her t\u00fcr ihtiyac\u0131n\u0131z\u0131 giderebilecek imkanlara sahip otellerde konaklayabilirsiniz. \u00d6ren&#8217;de bulunan otellerde \u00f6zellikle ak\u015fam yemeklerinde Ege Mutfa\u011f\u0131&#8217;n\u0131n t\u00fcm g\u00fczelliklerini bulabilirsiniz. \u00d6ren&#8217;in tertemiz havas\u0131 da eklenince bu lezzetlere hay\u0131r demeniz pek m\u00fcmk\u00fcn olmayacak.<\/span><\/p>\n<p style=\"text-align: justify;\"><span style=\"color: #000000;\">\u00d6ren, mavi bayrakl\u0131 denizi, sapsar\u0131 ve ince kumu, tertemiz plaj\u0131, denize kadar uzanan ye\u015fillikleri, bol oksijeni ile tatilcilerini beklemektedir.<\/span><\/p>\n","protected":false},"excerpt":{"rendered":"<p>\u00d6ren, Bal\u0131kesir ilinin Burhaniye il\u00e7esine ba\u011fl\u0131 bir tatil beldesidir. \u00d6ren, Ayval\u0131k ile Edremit aras\u0131nda Ege&#8217;de bir cennet. \u00d6ren&#8217;in ince kumlar\u0131nda antik \u00e7a\u011fda Lidya k\u0131zlar\u0131 g\u00fcne\u015flenmi\u015f, Romal\u0131 g\u00fczeller denize girmi\u015flerdir. \u00d6ren, ince kumlu sahili, oksijen deposu Kazda\u011flar\u0131&#8217;ndan gelen havas\u0131, mavi bayrakl\u0131 plajlar\u0131, sahile kadar uzanan \u00e7am ormanlar\u0131 ile tatilcilerin g\u00f6zdesidir. \u00c7am a\u011fa\u00e7lar\u0131 \u00d6ren&#8217;in hemen hemen t\u00fcm [&hellip;]<\/p>\n","protected":false},"author":1,"featured_media":0,"parent":0,"menu_order":0,"comment_status":"closed","ping_status":"closed","template":"","meta":[],"_links":{"self":[{"href":"https:\/\/www.orturevleri.com\/tr\/wp-json\/wp\/v2\/pages\/32"}],"collection":[{"href":"https:\/\/www.orturevleri.com\/tr\/wp-json\/wp\/v2\/pages"}],"about":[{"href":"https:\/\/www.orturevleri.com\/tr\/wp-json\/wp\/v2\/types\/page"}],"author":[{"embeddable":true,"href":"https:\/\/www.orturevleri.com\/tr\/wp-json\/wp\/v2\/users\/1"}],"replies":[{"embeddable":true,"href":"https:\/\/www.orturevleri.com\/tr\/wp-json\/wp\/v2\/comments?post=32"}],"version-history":[{"count":2,"href":"https:\/\/www.orturevleri.com\/tr\/wp-json\/wp\/v2\/pages\/32\/revisions"}],"predecessor-version":[{"id":35,"href":"https:\/\/www.orturevleri.com\/tr\/wp-json\/wp\/v2\/pages\/32\/revisions\/35"}],"wp:attachment":[{"href":"https:\/\/www.orturevleri.com\/tr\/wp-json\/wp\/v2\/media?parent=32"}],"curies":[{"name":"wp","href":"https:\/\/api.w.org\/{rel}","templated":true}]}}