{"id":36,"date":"2016-05-09T19:32:41","date_gmt":"2016-05-09T16:32:41","guid":{"rendered":"http:\/\/www.orturevleri.com\/tr\/?page_id=36"},"modified":"2025-06-05T00:36:13","modified_gmt":"2025-06-04T21:36:13","slug":"bize-ulasin","status":"publish","type":"page","link":"https:\/\/www.orturevleri.com\/tr\/bize-ulasin\/","title":{"rendered":"Bize Ula\u015f\u0131n"},"content":{"rendered":"<p><iframe loading=\"lazy\" style=\"border: 0;\" src=\"https:\/\/www.google.com\/maps\/embed?pb=!1m18!1m12!1m3!1d3078.3679164933033!2d26.978195499999998!3d39.5061852!2m3!1f0!2f0!3f0!3m2!1i1024!2i768!4f13.1!3m3!1m2!1s0x14b0ba0f46d10701%3A0x2dc9f7bfb6c9d789!2sOren%20Ortur%20Evleri!5e0!3m2!1str!2str!4v1749072612914!5m2!1str!2str\" width=\"800\" height=\"450\" allowfullscreen=\"allowfullscreen\"><span data-mce-type=\"bookmark\" style=\"display: inline-block; width: 0px; overflow: hidden; line-height: 0;\" class=\"mce_SELRES_start\">\ufeff<\/span><\/iframe><br \/>\n<strong><span style=\"color: #000000;\">Adres : \u00d6ren Mah Ayakl\u0131 Mevkii Ba\u015fkent Cad. 267, \u00d6ren, Burhaniye, Bal\u0131kesir<\/span><\/strong><\/p>\n<p><strong><span style=\"color: #000000;\">Telefon : 0 554 945 77 93<\/span><\/strong><\/p>\n","protected":false},"excerpt":{"rendered":"<p>\ufeff Adres : \u00d6ren Mah Ayakl\u0131 Mevkii Ba\u015fkent Cad. 267, \u00d6ren, Burhaniye, Bal\u0131kesir Telefon : 0 554 945 77 93<\/p>\n","protected":false},"author":1,"featured_media":0,"parent":0,"menu_order":0,"comment_status":"closed","ping_status":"closed","template":"","meta":[],"_links":{"self":[{"href":"https:\/\/www.orturevleri.com\/tr\/wp-json\/wp\/v2\/pages\/36"}],"collection":[{"href":"https:\/\/www.orturevleri.com\/tr\/wp-json\/wp\/v2\/pages"}],"about":[{"href":"https:\/\/www.orturevleri.com\/tr\/wp-json\/wp\/v2\/types\/page"}],"author":[{"embeddable":true,"href":"https:\/\/www.orturevleri.com\/tr\/wp-json\/wp\/v2\/users\/1"}],"replies":[{"embeddable":true,"href":"https:\/\/www.orturevleri.com\/tr\/wp-json\/wp\/v2\/comments?post=36"}],"version-history":[{"count":5,"href":"https:\/\/www.orturevleri.com\/tr\/wp-json\/wp\/v2\/pages\/36\/revisions"}],"predecessor-version":[{"id":266,"href":"https:\/\/www.orturevleri.com\/tr\/wp-json\/wp\/v2\/pages\/36\/revisions\/266"}],"wp:attachment":[{"href":"https:\/\/www.orturevleri.com\/tr\/wp-json\/wp\/v2\/media?parent=36"}],"curies":[{"name":"wp","href":"https:\/\/api.w.org\/{rel}","templated":true}]}}